{"id":108,"date":"2022-07-07T22:01:07","date_gmt":"2022-07-08T01:01:07","guid":{"rendered":"http:\/\/www.vocepontocom.com.br\/csseb\/?page_id=2"},"modified":"2025-03-11T16:08:08","modified_gmt":"2025-03-11T19:08:08","slug":"pagina-exemplo-2","status":"publish","type":"page","link":"https:\/\/www.csseb.com.br\/site\/pagina-exemplo-2\/","title":{"rendered":"Clube dos Subtenente e Sargento do Ex\u00e9rcito em Bras\u00edlia &#8211; CSSEB"},"content":{"rendered":"\n<p>Fundado em 14 de julho de 2022, e origin\u00e1rio da Associa\u00e7\u00e3o de Esportes e Lazer dos Subtenentes e Sargentos do Ex\u00e9rcito em Bras\u00edlia e do Clube Pandi\u00e1 Cal\u00f3geras, \u00e9 uma associa\u00e7\u00e3o com dura\u00e7\u00e3o por tempo indeterminado, organizado sob o regime das sociedades civis, sem fins lucrativos, com personalidade jur\u00eddica pr\u00f3pria, regido pelo presente Estatuto, pelas Leis Federais e legisla\u00e7\u00e3o do Distrito Federal.<\/p>\n\n\n\n<p>O CSSEB \u00e9 constitu\u00eddo de um quadro social de dura\u00e7\u00e3o e n\u00famero indeterminados, composto de Subtenentes e Sargentos do Ex\u00e9rcito.<\/p>\n\n\n\n<p>Poder\u00e3o ser institu\u00eddas outras categorias de associados, visando o sadio congra\u00e7amento com os demais segmentos da sociedade, desde que aprovadas em reuni\u00e3o conjunta do Conselho Fiscal e Deliberativo e da Diretoria Executiva e homologadas em assembleia.<\/p>\n\n\n\n<p>O CSSEB \u00e9 uma entidade de car\u00e1ter cultural, desportiva, recreativa, social, educacional e c\u00edvica, tendo como principais finalidades:<\/p>\n\n\n\n<ul class=\"wp-block-list\">\n<li>desenvolver entre os Subtenentes e Sargentos o relacionamento social, em ambiente de camaradagem e harmonia, solidificando o esp\u00edrito trazido da caserna;<\/li>\n\n\n\n<li>cooperar em campanhas com finalidades educacionais, filantr\u00f3picas, patri\u00f3ticas, bem como no caso de calamidades p\u00fablicas;<\/li>\n\n\n\n<li>possibilitar um sadio congra\u00e7amento com os demais segmentos da sociedade, civis e militares, em clima de participa\u00e7\u00e3o, mediante a aceita\u00e7\u00e3o de s\u00f3cios integrantes do p\u00fablico externo ao Ex\u00e9rcito;<\/li>\n\n\n\n<li>concorrer para a pr\u00e1tica e o treinamento das modalidades desportivas julgadas de interesse do Quadro Social;<\/li>\n\n\n\n<li>pugnar, junto \u00e0s autoridades militares e civis, observadas a Constitui\u00e7\u00e3o e as leis militares, pelo reconhecimento de direitos ou pela obten\u00e7\u00e3o de prerrogativas que venham a elevar o n\u00edvel social, moral e material dos Subtenentes e Sargentos do Ex\u00e9rcito;<\/li>\n\n\n\n<li>cooperar com as autoridades civis e militares, na presta\u00e7\u00e3o de aux\u00edlio \u00e0s fam\u00edlias dos s\u00f3cios ausentes, em servi\u00e7o de guerra ou de manuten\u00e7\u00e3o da ordem p\u00fablica; e<\/li>\n\n\n\n<li>desenvolver e implementar projetos e atividades de cunho social, voltados para os setores carentes da sociedade civil.<\/li>\n<\/ul>\n\n\n\n<p><strong>BREVE HIST\u00d3RICO DO CLUBE PANDI\u00c1 CAL\u00d3GERAS<\/strong><\/p>\n\n\n\n<p>O Clube dos Subtenentes e Sargentos do Ex\u00e9rcito teve a funda\u00e7\u00e3o de seu Estatuto Social, na data de 21 de abril de 1969. O nome Pandi\u00e1 Cal\u00f3geras foi adotado em homenagem \u00e0 Jo\u00e3o Pandi\u00e1 Cal\u00f3geras, Ex-ministro da Guerra, pol\u00edtico e historiador brasileiro, nascido no Rio de Janeiro e falecido em Petr\u00f3polis.<\/p>\n\n\n\n<p><strong>A ASSOCIA\u00c7\u00c3O DE ESPORTE E LAZER DOS SUBTENENTES E SARGENTOS DO EX\u00c9RCITO EM BRAS\u00cdLIA (ASSEB)<\/strong><\/p>\n\n\n\n<p>Foi fundada em 1\u00b0 de junho de 2013, desvinculando-se do CLUBE DOS SUBTENENTES E SARGENTOS DO EX\u00c9RCITO (CSSE) com sede no Rio de Janeiro &#8211; RJ, criado em 14 de setembro de 1950, conhecido popularmente por \u201cCLUBE DO ROCHA\u201d.<\/p>\n\n\n\n<ol class=\"wp-block-list\"><\/ol>\n\n\n\n<p><\/p>\n","protected":false},"excerpt":{"rendered":"<p>Fundado em 14 de julho de 2022, e origin\u00e1rio da Associa\u00e7\u00e3o de Esportes e Lazer<\/p>\n","protected":false},"author":4,"featured_media":0,"parent":0,"menu_order":0,"comment_status":"closed","ping_status":"open","template":"","meta":{"footnotes":""},"folder":[],"class_list":["post-108","page","type-page","status-publish","hentry"],"_links":{"self":[{"href":"https:\/\/www.csseb.com.br\/site\/wp-json\/wp\/v2\/pages\/108","targetHints":{"allow":["GET"]}}],"collection":[{"href":"https:\/\/www.csseb.com.br\/site\/wp-json\/wp\/v2\/pages"}],"about":[{"href":"https:\/\/www.csseb.com.br\/site\/wp-json\/wp\/v2\/types\/page"}],"author":[{"embeddable":true,"href":"https:\/\/www.csseb.com.br\/site\/wp-json\/wp\/v2\/users\/4"}],"replies":[{"embeddable":true,"href":"https:\/\/www.csseb.com.br\/site\/wp-json\/wp\/v2\/comments?post=108"}],"version-history":[{"count":4,"href":"https:\/\/www.csseb.com.br\/site\/wp-json\/wp\/v2\/pages\/108\/revisions"}],"predecessor-version":[{"id":7870,"href":"https:\/\/www.csseb.com.br\/site\/wp-json\/wp\/v2\/pages\/108\/revisions\/7870"}],"wp:attachment":[{"href":"https:\/\/www.csseb.com.br\/site\/wp-json\/wp\/v2\/media?parent=108"}],"wp:term":[{"taxonomy":"folder","embeddable":true,"href":"https:\/\/www.csseb.com.br\/site\/wp-json\/wp\/v2\/folder?post=108"}],"curies":[{"name":"wp","href":"https:\/\/api.w.org\/{rel}","templated":true}]}}