{"id":220,"date":"2022-07-26T23:05:22","date_gmt":"2022-07-27T02:05:22","guid":{"rendered":"http:\/\/www.vocepontocom.com.br\/csseb\/?page_id=220"},"modified":"2026-04-01T11:12:04","modified_gmt":"2026-04-01T14:12:04","slug":"parceria","status":"publish","type":"page","link":"https:\/\/www.csseb.com.br\/site\/parceria\/","title":{"rendered":"PARCERIAS"},"content":{"rendered":"\n<p><strong> <\/strong><\/p>\n\n\n\n<div class=\"wp-block-media-text has-media-on-the-right is-stacked-on-mobile\"><div class=\"wp-block-media-text__content\">\n<p>A Funda\u00e7\u00e3o Habitacional do Ex\u00e9rcito (FHE) \u00e9 uma entidade p\u00fablica de direito privado, criada em 1980 pela Lei n.\u00ba 6.855 e oficialmente instalada em 1981. Tem sua origem na antiga Caixa de Constru\u00e7\u00f5es de Casas do Minist\u00e9rio da Guerra, fundada em 1932.<\/p>\n\n\n\n<p>Ao clicar na logo da POUPEX, ser\u00e1 redirecionado para o site.<\/p>\n<\/div><figure class=\"wp-block-media-text__media\"><a href=\"https:\/\/www.poupex.com.br\/\"><img loading=\"lazy\" decoding=\"async\" width=\"437\" height=\"115\" src=\"https:\/\/www.csseb.com.br\/site\/wp-content\/uploads\/2026\/04\/POUPEX.png\" alt=\"\" class=\"wp-image-12126 size-full\" srcset=\"https:\/\/www.csseb.com.br\/site\/wp-content\/uploads\/2026\/04\/POUPEX.png 437w, https:\/\/www.csseb.com.br\/site\/wp-content\/uploads\/2026\/04\/POUPEX-300x79.png 300w\" sizes=\"auto, (max-width: 437px) 100vw, 437px\" \/><\/a><\/figure><\/div>\n","protected":false},"excerpt":{"rendered":"<p>A Funda\u00e7\u00e3o Habitacional do Ex\u00e9rcito (FHE) \u00e9 uma entidade p\u00fablica de direito privado, criada em<\/p>\n","protected":false},"author":4,"featured_media":0,"parent":0,"menu_order":0,"comment_status":"closed","ping_status":"closed","template":"","meta":{"footnotes":""},"folder":[],"class_list":["post-220","page","type-page","status-publish","hentry"],"_links":{"self":[{"href":"https:\/\/www.csseb.com.br\/site\/wp-json\/wp\/v2\/pages\/220","targetHints":{"allow":["GET"]}}],"collection":[{"href":"https:\/\/www.csseb.com.br\/site\/wp-json\/wp\/v2\/pages"}],"about":[{"href":"https:\/\/www.csseb.com.br\/site\/wp-json\/wp\/v2\/types\/page"}],"author":[{"embeddable":true,"href":"https:\/\/www.csseb.com.br\/site\/wp-json\/wp\/v2\/users\/4"}],"replies":[{"embeddable":true,"href":"https:\/\/www.csseb.com.br\/site\/wp-json\/wp\/v2\/comments?post=220"}],"version-history":[{"count":13,"href":"https:\/\/www.csseb.com.br\/site\/wp-json\/wp\/v2\/pages\/220\/revisions"}],"predecessor-version":[{"id":12130,"href":"https:\/\/www.csseb.com.br\/site\/wp-json\/wp\/v2\/pages\/220\/revisions\/12130"}],"wp:attachment":[{"href":"https:\/\/www.csseb.com.br\/site\/wp-json\/wp\/v2\/media?parent=220"}],"wp:term":[{"taxonomy":"folder","embeddable":true,"href":"https:\/\/www.csseb.com.br\/site\/wp-json\/wp\/v2\/folder?post=220"}],"curies":[{"name":"wp","href":"https:\/\/api.w.org\/{rel}","templated":true}]}}