{"id":80,"date":"2022-07-13T22:00:53","date_gmt":"2022-07-14T01:00:53","guid":{"rendered":"http:\/\/www.vocepontocom.com.br\/csseb\/?page_id=80"},"modified":"2025-07-09T18:27:01","modified_gmt":"2025-07-09T21:27:01","slug":"sede-smu","status":"publish","type":"page","link":"https:\/\/www.csseb.com.br\/site\/sede-smu\/","title":{"rendered":"SEDE SMU Pandi\u00e1"},"content":{"rendered":"\n<div class=\"wp-block-cover\"><img loading=\"lazy\" decoding=\"async\" width=\"646\" height=\"429\" class=\"wp-block-cover__image-background wp-image-7921\" alt=\"\" src=\"https:\/\/www.csseb.com.br\/site\/wp-content\/uploads\/2025\/03\/CSSEB_SMU.jpg\" data-object-fit=\"cover\" srcset=\"https:\/\/www.csseb.com.br\/site\/wp-content\/uploads\/2025\/03\/CSSEB_SMU.jpg 646w, https:\/\/www.csseb.com.br\/site\/wp-content\/uploads\/2025\/03\/CSSEB_SMU-300x199.jpg 300w\" sizes=\"auto, (max-width: 646px) 100vw, 646px\" \/><span aria-hidden=\"true\" class=\"wp-block-cover__background has-background-dim\"><\/span><div class=\"wp-block-cover__inner-container is-layout-flow wp-block-cover-is-layout-flow\">\n<p><strong>ACESSO AO CLUBE<\/strong>: o <strong>s\u00f3cio titular<\/strong> tem direito a 5 (cinco) convites por m\u00eas, n\u00e3o cumulativos, para acesso de <strong>convidados<\/strong> ao clube que dever\u00e3o ser solicitados pessoalmente pelo associado. Excedida essa quantidade, <strong>ser\u00e1 cobrada uma taxa de&nbsp;R$ 10,00(dez reais) por convite emitido.<\/strong><\/p>\n\n\n\n<p><strong>CIRCULA\u00c7\u00c3O DE VE\u00cdCULOS<\/strong>: port\u00e3o para descarregar materiais. <strong>Per\u00edodo da Manh\u00e3<\/strong>: permitido o acesso entre&nbsp;09h30 e&nbsp;10h30.&nbsp;<strong>Per\u00edodo da Tarde<\/strong>: permitido o acesso entre \u00e0s 17h e&nbsp;18h.<\/p>\n\n\n\n<p><strong>SAL\u00c3O SOCIAL<\/strong>: informa\u00e7\u00f5es, reservas de hor\u00e1rios e controle de aluguel diretamente com a Diretoria Social do CSSEB.<\/p>\n\n\n\n<p><strong>SAL\u00c3O CANDANGO<\/strong>: maiores informa\u00e7\u00f5es, reservas de hor\u00e1rios e controle de aluguel diretamente com a Diretoria Social do CSSEB.<\/p>\n\n\n\n<p><strong>BAR DOS CAMPOS<\/strong>: informa\u00e7\u00f5es, reservas de hor\u00e1rios e controle de aluguel dos campos e feito diretamente com os colaboradores do bar.<\/p>\n\n\n\n<p><strong>CHURRASQUEIRA CAMPO SINT\u00c9TICO &#8211; N\u00ba 22<\/strong>: normas de uso das churrasqueiras.<\/p>\n\n\n\n<p><strong>CHURRASQUEIRAS<\/strong>: <strong>ordem de chegada<\/strong> n\u00ba 04, 05, 06, 07, 08, 09, 10, 11, 12, 13, 14, 15, 18, 19, 20 e 21. <\/p>\n\n\n\n<p><strong>CHURRASQUEIRAS<\/strong>: <strong>aluguel<\/strong> <strong>n\u00ba 01 e 02<\/strong> &#8211; 20 (vinte) pessoas; <strong>n\u00ba 03<\/strong> &#8211; 60 (sessenta) pessoas; <strong>n\u00ba 17<\/strong> &#8211; 40 (quarenta) pessoas; e <strong>n\u00ba 16 <\/strong>&#8211; 100 pessoas. <\/p>\n\n\n\n<p><strong><strong>SAUNA<\/strong><\/strong>: <strong>s\u00f3cios titulares e dependentes: <\/strong>possuem acesso gratuito, mediante a apresenta\u00e7\u00e3o da carteira social.&nbsp;<strong>Convidado:&nbsp;<\/strong>\u00e9 cobrada uma taxa.&nbsp;<strong>Hor\u00e1rios:<\/strong> s\u00e1bado, domingo e feriado: das 11h \u00e0s 17h; Segunda e ter\u00e7a: manuten\u00e7\u00e3o; Quarta, quinta e sexta: das 18h30 \u00e0s 21h.<\/p>\n\n\n\n<p><strong><strong>PISCINAS<\/strong><\/strong>: s\u00f3cios titulares e dependentes: possuem acesso gratuito, mediante a apresenta\u00e7\u00e3o da carteira social.&nbsp;<strong>Convidado:&nbsp;<\/strong>\u00e9 cobrada uma taxa.&nbsp;<strong>Trajes de banho:<\/strong> em caso do uso de shorts de nylon e tactel com forro, o usu\u00e1rio dever\u00e1 estar de biqu\u00edni, mai\u00f4 ou sunga por baixo dos shorts. <\/p>\n<\/div><\/div>\n\n\n\n<h2 class=\"wp-block-heading\">SEDE SMU: QRS A\/Especial \u2013 SMU, Bras\u00edlia\/DF, CEP: 70.630-000. <strong>Celular\/Whatsapp<\/strong>: (61) 97401-2619 e <strong>E-Mail:&nbsp;<\/strong>secretaria@csseb.com.br<\/h2>\n","protected":false},"excerpt":{"rendered":"<p>SEDE SMU: QRS A\/Especial \u2013 SMU, Bras\u00edlia\/DF, CEP: 70.630-000. Celular\/Whatsapp: (61) 97401-2619 e E-Mail:&nbsp;secretaria@csseb.com.br<\/p>\n","protected":false},"author":4,"featured_media":0,"parent":0,"menu_order":0,"comment_status":"closed","ping_status":"closed","template":"","meta":{"footnotes":""},"folder":[],"class_list":["post-80","page","type-page","status-publish","hentry"],"_links":{"self":[{"href":"https:\/\/www.csseb.com.br\/site\/wp-json\/wp\/v2\/pages\/80","targetHints":{"allow":["GET"]}}],"collection":[{"href":"https:\/\/www.csseb.com.br\/site\/wp-json\/wp\/v2\/pages"}],"about":[{"href":"https:\/\/www.csseb.com.br\/site\/wp-json\/wp\/v2\/types\/page"}],"author":[{"embeddable":true,"href":"https:\/\/www.csseb.com.br\/site\/wp-json\/wp\/v2\/users\/4"}],"replies":[{"embeddable":true,"href":"https:\/\/www.csseb.com.br\/site\/wp-json\/wp\/v2\/comments?post=80"}],"version-history":[{"count":32,"href":"https:\/\/www.csseb.com.br\/site\/wp-json\/wp\/v2\/pages\/80\/revisions"}],"predecessor-version":[{"id":8549,"href":"https:\/\/www.csseb.com.br\/site\/wp-json\/wp\/v2\/pages\/80\/revisions\/8549"}],"wp:attachment":[{"href":"https:\/\/www.csseb.com.br\/site\/wp-json\/wp\/v2\/media?parent=80"}],"wp:term":[{"taxonomy":"folder","embeddable":true,"href":"https:\/\/www.csseb.com.br\/site\/wp-json\/wp\/v2\/folder?post=80"}],"curies":[{"name":"wp","href":"https:\/\/api.w.org\/{rel}","templated":true}]}}