{"id":82,"date":"2022-07-13T22:00:54","date_gmt":"2022-07-14T01:00:54","guid":{"rendered":"http:\/\/www.vocepontocom.com.br\/csseb\/?page_id=82"},"modified":"2025-10-23T13:50:48","modified_gmt":"2025-10-23T16:50:48","slug":"sede-lago","status":"publish","type":"page","link":"https:\/\/www.csseb.com.br\/site\/sede-lago\/","title":{"rendered":"SEDE LAGO Rocha"},"content":{"rendered":"\n<div class=\"wp-block-group has-global-padding is-layout-constrained wp-block-group-is-layout-constrained\">\n<div class=\"wp-block-columns is-layout-flex wp-container-core-columns-is-layout-28f84493 wp-block-columns-is-layout-flex\">\n<div class=\"wp-block-column is-layout-flow wp-block-column-is-layout-flow\" style=\"flex-basis:100%\">\n<div class=\"wp-block-cover aligncenter\"><span aria-hidden=\"true\" class=\"wp-block-cover__background has-background-dim\"><\/span><div class=\"wp-block-cover__inner-container is-layout-flow wp-block-cover-is-layout-flow\">\n<div class=\"wp-block-group alignfull is-vertical is-content-justification-left is-layout-flex wp-container-core-group-is-layout-0c39fd5e wp-block-group-is-layout-flex\">\n<div class=\"wp-block-columns alignfull is-layout-flex wp-container-core-columns-is-layout-28f84493 wp-block-columns-is-layout-flex\">\n<div class=\"wp-block-column is-layout-flow wp-block-column-is-layout-flow\" style=\"flex-basis:39%\">\n<div class=\"wp-block-columns is-layout-flex wp-container-core-columns-is-layout-28f84493 wp-block-columns-is-layout-flex\">\n<div class=\"wp-block-column is-layout-flow wp-block-column-is-layout-flow\" style=\"flex-basis:100%\">\n<figure class=\"wp-block-image aligncenter\"><img loading=\"lazy\" decoding=\"async\" width=\"957\" height=\"445\" src=\"https:\/\/www.csseb.com.br\/site\/wp-content\/uploads\/2025\/03\/CSSEB_LAgo.jpg\" alt=\"\" class=\"wp-image-7918\" srcset=\"https:\/\/www.csseb.com.br\/site\/wp-content\/uploads\/2025\/03\/CSSEB_LAgo.jpg 957w, https:\/\/www.csseb.com.br\/site\/wp-content\/uploads\/2025\/03\/CSSEB_LAgo-300x139.jpg 300w, https:\/\/www.csseb.com.br\/site\/wp-content\/uploads\/2025\/03\/CSSEB_LAgo-768x357.jpg 768w\" sizes=\"auto, (max-width: 957px) 100vw, 957px\" \/><\/figure>\n<\/div>\n<\/div>\n<\/div>\n\n\n\n<div class=\"wp-block-column is-layout-flow wp-block-column-is-layout-flow\" style=\"flex-basis:61%\">\n<p><strong>ACESSO AO CLUBE<\/strong>: o <strong>s\u00f3cio titular<\/strong> tem direito a 5 (cinco) convites por m\u00eas, n\u00e3o cumulativos, para acesso de <strong>convidados<\/strong> ao clube que dever\u00e3o ser solicitados pessoalmente pelo associado. Excedida essa quantidade, <strong>ser\u00e1 cobrada uma taxa de&nbsp;R$ 10,00(dez reais) por convite emitido.<\/strong><\/p>\n\n\n\n<p><strong>CIRCULA\u00c7\u00c3O DE VE\u00cdCULOS<\/strong>: port\u00e3o para descarregar materiais. <strong>Per\u00edodo da Manh\u00e3<\/strong>: permitido o acesso entre&nbsp;09h e&nbsp;10h.&nbsp;<strong>Per\u00edodo da Tarde<\/strong>: permitido o acesso entre \u00e0s 17h e&nbsp;18h.<\/p>\n\n\n\n<p><strong>ESTACIONAMENTO<\/strong>: <strong>s\u00f3cios titulares e dependentes: <\/strong>possuem acesso gratuito.<\/p>\n\n\n\n<p><strong>SAL\u00c3O SOCIAL<\/strong>: maiores informa\u00e7\u00f5es, reservas de hor\u00e1rios e controle de aluguel diretamente com a Diretoria Social do CSSEB.<\/p>\n\n\n\n<p><strong>CHURRASQUEIRAS<\/strong>: <strong>familiar por ordem de chegada<\/strong> n\u00ba 01, 02, 03, 04, 05, 06, 07, 08, 09, 10, 11, 12, 13, 14, 15, 16, 17, 18, 19, 20, 21, 22, 23, 24, 25, 26, 27, 28, 29, 30, 47, 48, 49, 50, 67, 68, 75, 76, 77, 78 e 79. <\/p>\n\n\n\n<p><strong>CHURRASQUEIRAS<\/strong>: <strong>aluguel<\/strong> <strong>n\u00ba 55, 69, 70, 74, 85 e 88<\/strong> &#8211; 60 (sessenta) pessoas<\/p>\n\n\n\n<p><strong><strong>SAUNA<\/strong><\/strong>: <strong>s\u00f3cios titulares e dependentes: <\/strong>possuem acesso gratuito, mediante a apresenta\u00e7\u00e3o da carteira social.&nbsp;<strong>Convidado:&nbsp;<\/strong>\u00e9 cobrada uma taxa.&nbsp;<strong>Hor\u00e1rios: s\u00e1bado, domingo e feriado: das 10h \u00e0s 17h<\/strong>; segunda, ter\u00e7a, quarta, quinta: manuten\u00e7\u00e3o; e<strong> sexta: das 18h \u00e0s 21h.<\/strong><\/p>\n\n\n\n<p><strong><strong>PISCINAS<\/strong><\/strong>: s\u00f3cios titulares e dependentes: possuem acesso gratuito, mediante a apresenta\u00e7\u00e3o da carteira social.&nbsp;<strong>Convidado:&nbsp;<\/strong>\u00e9 cobrada uma taxa na Secretaria. <strong>Trajes de banho:<\/strong> em caso do uso de shorts de nylon e tactel com forro, o usu\u00e1rio dever\u00e1 estar de biqu\u00edni, mai\u00f4 ou sunga por baixo dos shorts.<\/p>\n\n\n\n<p><strong>CAMPO SINT\u00c9TICO E GIN\u00c1SIO<\/strong>: s\u00f3cios titulares e dependentes: possuem acesso gratuito no hor\u00e1rio comercial.<\/p>\n<\/div>\n<\/div>\n<\/div>\n<\/div><\/div>\n<\/div>\n<\/div>\n<\/div>\n\n\n\n<h2 class=\"wp-block-heading\">Sede Lago: SCES Trecho 02 Conjunto 01 Lote 10 \u2013 Asa Sul, Bras\u00edlia\/DF, CEP 70.200-002. <strong>Celular\/Whatsapp<\/strong>: (61) 99181-7903, <strong>E-Mail:&nbsp;<\/strong>secretaria@csseb.com.br, <strong>Telefone:<\/strong>&nbsp;(61) 3226-5131<\/h2>\n","protected":false},"excerpt":{"rendered":"<p>Sede Lago: SCES Trecho 02 Conjunto 01 Lote 10 \u2013 Asa Sul, Bras\u00edlia\/DF, CEP 70.200-002.<\/p>\n","protected":false},"author":4,"featured_media":0,"parent":0,"menu_order":0,"comment_status":"closed","ping_status":"closed","template":"","meta":{"footnotes":""},"folder":[],"class_list":["post-82","page","type-page","status-publish","hentry"],"_links":{"self":[{"href":"https:\/\/www.csseb.com.br\/site\/wp-json\/wp\/v2\/pages\/82","targetHints":{"allow":["GET"]}}],"collection":[{"href":"https:\/\/www.csseb.com.br\/site\/wp-json\/wp\/v2\/pages"}],"about":[{"href":"https:\/\/www.csseb.com.br\/site\/wp-json\/wp\/v2\/types\/page"}],"author":[{"embeddable":true,"href":"https:\/\/www.csseb.com.br\/site\/wp-json\/wp\/v2\/users\/4"}],"replies":[{"embeddable":true,"href":"https:\/\/www.csseb.com.br\/site\/wp-json\/wp\/v2\/comments?post=82"}],"version-history":[{"count":19,"href":"https:\/\/www.csseb.com.br\/site\/wp-json\/wp\/v2\/pages\/82\/revisions"}],"predecessor-version":[{"id":9227,"href":"https:\/\/www.csseb.com.br\/site\/wp-json\/wp\/v2\/pages\/82\/revisions\/9227"}],"wp:attachment":[{"href":"https:\/\/www.csseb.com.br\/site\/wp-json\/wp\/v2\/media?parent=82"}],"wp:term":[{"taxonomy":"folder","embeddable":true,"href":"https:\/\/www.csseb.com.br\/site\/wp-json\/wp\/v2\/folder?post=82"}],"curies":[{"name":"wp","href":"https:\/\/api.w.org\/{rel}","templated":true}]}}